{"id":6,"date":"2016-05-23T14:43:31","date_gmt":"2016-05-23T12:43:31","guid":{"rendered":"http:\/\/motor-ola.se\/wp\/?page_id=6"},"modified":"2018-04-24T19:52:16","modified_gmt":"2018-04-24T17:52:16","slug":"tjanster","status":"publish","type":"page","link":"https:\/\/motor-ola.se\/index.php\/tjanster\/","title":{"rendered":"Tj\u00e4nster"},"content":{"rendered":"<p><img loading=\"lazy\" decoding=\"async\" class=\"alignright wp-image-118\" src=\"https:\/\/motor-ola.se\/wp-content\/uploads\/2016\/05\/lastninglossning.jpg\" alt=\"lastninglossning\" width=\"262\" height=\"389\" \/><strong>Motor-Ola Maskiner AB erbjuder allt inom lyft, lastning, lossning, transporter och \u00e5tervinning. V\u00e5rt arbetsomr\u00e5de \u00e4r huvudsakligen Ludvika, Smedjebacken och Fagersta med omnejd. V\u00e5ra kunder \u00e4r f\u00f6retag och privatpersoner, stora<br \/>\nsom sm\u00e5. Ingen kund \u00e4r f\u00f6r liten f\u00f6r oss.<\/strong><\/p>\n<p><strong>Vi har teleskoplastare i olika storlekar fr\u00e5n 13 meters lyfth\u00f6jd till 25 meters lyfth\u00f6jd, med olika redskap t.ex personkorgar som \u00e4r 4,5 meter bred, lyftarmar med vinsch, materialkorgar, olika gafflar, betongskopor, smala \u00e5terfyllnadsskopor, lyftarmar, avfallsskopor. Till samtliga teleskoplastare finns det fj\u00e4rrkontroll som vi kan styra funktionerna med, speciellt smidigt vid taklyft d\u00e4r vi har d\u00e5lig sikt.<\/strong><\/p>\n<p>&nbsp;<\/p>\n<p>&nbsp;<\/p>\n<p><strong>Vi har hjullastare i olika storlekar fr\u00e5n 14 ton till 21 ton medlyftkapacitet upp till 11 ton. Det finns olika redskap till hjullastare som t.ex lyftarm, gafflar, l\u00e5nggaff<\/strong><strong>lar, bredgafflar,<\/strong><strong>skopor, sn\u00f6blad och sandskopa. F\u00f6r de mindre projekten har vi bm skopor f\u00f6r avfall.<\/strong><\/p>\n<p><strong><img loading=\"lazy\" decoding=\"async\" class=\"alignright wp-image-356\" src=\"https:\/\/motor-ola.se\/wp-content\/uploads\/2016\/05\/IMG_3416-e1492536421126-225x300.jpg\" alt=\"IMG_3416\" width=\"244\" height=\"325\" srcset=\"https:\/\/motor-ola.se\/wp-content\/uploads\/2016\/05\/IMG_3416-e1492536421126-225x300.jpg 225w, https:\/\/motor-ola.se\/wp-content\/uploads\/2016\/05\/IMG_3416-e1492536421126-768x1024.jpg 768w\" sizes=\"auto, (max-width: 244px) 100vw, 244px\" \/>Vi har mobilkranar som n\u00e5r fr\u00e5n 30 meter till 52 meter hydrauliskt och om vi jibbar ut s\u00e5 n\u00e5r vi ytterligare 15 meter respektive 19 meter till maximala 45 meter respektive 71 meters lyfth\u00f6jd. Till kranarna har vi lyftgaffel, betongbasker, automatisk sopskopa, h\u00e4ngkorg f\u00f6r personlyft och olika typer av lyftok.<\/strong><\/p>\n<p><strong>Vi har en Bod\/Kranbil som vi kan lyfta och transportera det mesta med. Vi n\u00e5r 28 meter i sida med den och d\u00e4r kan vi lyfta 600kg.P\u00e5 kranbilen har vi en vinsch som g\u00f6r att det g\u00e5r extra\u00a0smidigt att lyfta saker p\u00e5 plats.<\/strong><\/p>\n<p>&nbsp;<\/p>\n<p>&nbsp;<\/p>\n<p><strong>Vi har\u00a0lastv\u00e4xlarbilar och liftdumperbilar som vi st\u00e4ller ut flak och containers<\/strong><br \/>\n<strong> med. Vi har olika storlekar p\u00e5 flak och containers. Lastv\u00e4xlarflak fr\u00e5n<\/strong><br \/>\n<strong> 15m3 till 38m3, liftdumpercontainers fr\u00e5n 6m3 till 14m3. Med v\u00e5ra bilar levereras ocks\u00e5 sand, sten och grusmaterial samt anl\u00e4ggningsjord och matjord. Vi har \u00e4ven sl\u00e4p till lastv\u00e4xlarna som g\u00f6r att vi kan f\u00e5 med oss ca 120m3 material. Ring och fr\u00e5ga oss!<\/strong><\/p>\n<p><strong>Vi transporterar allt avfall till v\u00e5r egen \u00e5tervinningscentral och d\u00e4r sorteras allt material upp i olika fraktioner. \u00c5tervinningscentralen ligger i Gon\u00e4s Hytta ca 3,5 km fr\u00e5n Ludvika. D\u00e4r krossar vi returtr\u00e4 till flis som sedan blir v\u00e4rme i hush\u00e5llen i Ludvika. Vi krossar \u00e4ven betong och porslin p\u00e5 omr\u00e5det. Vi k\u00f6per in j\u00e4rn och metallskrot, vi v\u00e4ger erat skrot p\u00e5 v\u00e5r ackrediterade fordonsv\u00e5g.<\/strong><\/p>\n<p><strong>Vi har gr\u00e4vmaskiner f\u00f6r stora och sm\u00e5 jobb. <\/strong><\/p>\n<p><strong>\u00a0<\/strong><strong>Storlekar mellan 10 ton till 25 ton.<\/strong><img loading=\"lazy\" decoding=\"async\" class=\"alignright wp-image-114\" src=\"https:\/\/motor-ola.se\/wp-content\/uploads\/2016\/05\/snorojning.jpg\" alt=\"snorojning\" width=\"238\" height=\"354\" \/><\/p>\n<p>&nbsp;<\/p>\n<p>&nbsp;<\/p>\n<p><strong>Vi har h\u00e5llit p\u00e5 med sn\u00f6r\u00f6jning och halkbek\u00e4mpning i \u00f6ver 50 \u00e5r i Ludvika. Vi transporterar \u00e4ven bort sn\u00f6n d\u00e4r det beh\u00f6vs!<\/strong><\/p>\n","protected":false},"excerpt":{"rendered":"<p>Motor-Ola Maskiner AB erbjuder allt inom lyft, lastning, lossning, transporter och \u00e5tervinning. V\u00e5rt arbetsomr\u00e5de \u00e4r huvudsakligen Ludvika, Smedjebacken och Fagersta med omnejd. V\u00e5ra kunder \u00e4r f\u00f6retag och privatpersoner, stora som sm\u00e5. Ingen kund \u00e4r f\u00f6r liten f\u00f6r oss. Vi har &hellip; <a href=\"https:\/\/motor-ola.se\/index.php\/tjanster\/\">Forts\u00e4tt l\u00e4sa <span class=\"meta-nav\">&rarr;<\/span><\/a><\/p>\n","protected":false},"author":1,"featured_media":0,"parent":0,"menu_order":0,"comment_status":"closed","ping_status":"closed","template":"","meta":{"footnotes":""},"class_list":["post-6","page","type-page","status-publish","hentry"],"_links":{"self":[{"href":"https:\/\/motor-ola.se\/index.php\/wp-json\/wp\/v2\/pages\/6","targetHints":{"allow":["GET"]}}],"collection":[{"href":"https:\/\/motor-ola.se\/index.php\/wp-json\/wp\/v2\/pages"}],"about":[{"href":"https:\/\/motor-ola.se\/index.php\/wp-json\/wp\/v2\/types\/page"}],"author":[{"embeddable":true,"href":"https:\/\/motor-ola.se\/index.php\/wp-json\/wp\/v2\/users\/1"}],"replies":[{"embeddable":true,"href":"https:\/\/motor-ola.se\/index.php\/wp-json\/wp\/v2\/comments?post=6"}],"version-history":[{"count":30,"href":"https:\/\/motor-ola.se\/index.php\/wp-json\/wp\/v2\/pages\/6\/revisions"}],"predecessor-version":[{"id":458,"href":"https:\/\/motor-ola.se\/index.php\/wp-json\/wp\/v2\/pages\/6\/revisions\/458"}],"wp:attachment":[{"href":"https:\/\/motor-ola.se\/index.php\/wp-json\/wp\/v2\/media?parent=6"}],"curies":[{"name":"wp","href":"https:\/\/api.w.org\/{rel}","templated":true}]}}