{"id":37,"date":"2016-05-24T14:13:56","date_gmt":"2016-05-24T12:13:56","guid":{"rendered":"http:\/\/motor-ola.se\/wp\/?page_id=37"},"modified":"2018-03-30T22:29:22","modified_gmt":"2018-03-30T20:29:22","slug":"markanlaggning","status":"publish","type":"page","link":"https:\/\/motor-ola.se\/index.php\/tjanster\/markanlaggning\/","title":{"rendered":"Mark\/Anl\u00e4ggning"},"content":{"rendered":"<p><img loading=\"lazy\" decoding=\"async\" class=\"alignright size-medium wp-image-425\" src=\"https:\/\/motor-ola.se\/wp-content\/uploads\/2016\/05\/IMG_2116-300x300.jpg\" alt=\"IMG_2116\" width=\"300\" height=\"300\" srcset=\"https:\/\/motor-ola.se\/wp-content\/uploads\/2016\/05\/IMG_2116-300x300.jpg 300w, https:\/\/motor-ola.se\/wp-content\/uploads\/2016\/05\/IMG_2116-150x150.jpg 150w, https:\/\/motor-ola.se\/wp-content\/uploads\/2016\/05\/IMG_2116-768x768.jpg 768w, https:\/\/motor-ola.se\/wp-content\/uploads\/2016\/05\/IMG_2116-1024x1024.jpg 1024w\" sizes=\"auto, (max-width: 300px) 100vw, 300px\" \/><img loading=\"lazy\" decoding=\"async\" class=\"alignright wp-image-422\" src=\"https:\/\/motor-ola.se\/wp-content\/uploads\/2016\/05\/IMG_2027-300x225.jpg\" alt=\"IMG_2027\" width=\"355\" height=\"266\" srcset=\"https:\/\/motor-ola.se\/wp-content\/uploads\/2016\/05\/IMG_2027-300x225.jpg 300w, https:\/\/motor-ola.se\/wp-content\/uploads\/2016\/05\/IMG_2027-768x576.jpg 768w, https:\/\/motor-ola.se\/wp-content\/uploads\/2016\/05\/IMG_2027-1024x768.jpg 1024w\" sizes=\"auto, (max-width: 355px) 100vw, 355px\" \/><img loading=\"lazy\" decoding=\"async\" class=\"alignright wp-image-414\" src=\"https:\/\/motor-ola.se\/wp-content\/uploads\/2016\/05\/IMG_4139-300x225.jpg\" alt=\"IMG_4139\" width=\"359\" height=\"269\" srcset=\"https:\/\/motor-ola.se\/wp-content\/uploads\/2016\/05\/IMG_4139-300x225.jpg 300w, https:\/\/motor-ola.se\/wp-content\/uploads\/2016\/05\/IMG_4139-768x576.jpg 768w, https:\/\/motor-ola.se\/wp-content\/uploads\/2016\/05\/IMG_4139-1024x768.jpg 1024w\" sizes=\"auto, (max-width: 359px) 100vw, 359px\" \/><img loading=\"lazy\" decoding=\"async\" class=\"alignright size-full wp-image-120\" src=\"https:\/\/motor-ola.se\/wp-content\/uploads\/2016\/05\/markanlaggning.jpg\" alt=\"markanlaggning\" width=\"350\" height=\"520\" \/><strong>Vi har gr\u00e4vmaskiner fr\u00e5n 9ton till 25 ton, f\u00f6r olika anl\u00e4ggningsuppdrag samt hjullastare f\u00f6r schakt och planering. Vi utf\u00f6r de mindre anl\u00e4ggningsjobben \u00e5t olika f\u00f6retag, f\u00f6reningar och privatpersoner.<\/strong><\/p>\n<p><strong>Vi k\u00f6r bort schaktmassor. Vi levererar sand, grus eller jord, stora eller sm\u00e5 lass.<\/strong><\/p>\n","protected":false},"excerpt":{"rendered":"<p>Vi har gr\u00e4vmaskiner fr\u00e5n 9ton till 25 ton, f\u00f6r olika anl\u00e4ggningsuppdrag samt hjullastare f\u00f6r schakt och planering. Vi utf\u00f6r de mindre anl\u00e4ggningsjobben \u00e5t olika f\u00f6retag, f\u00f6reningar och privatpersoner. Vi k\u00f6r bort schaktmassor. Vi levererar sand, grus eller jord, stora eller &hellip; <a href=\"https:\/\/motor-ola.se\/index.php\/tjanster\/markanlaggning\/\">Forts\u00e4tt l\u00e4sa <span class=\"meta-nav\">&rarr;<\/span><\/a><\/p>\n","protected":false},"author":1,"featured_media":44,"parent":6,"menu_order":0,"comment_status":"closed","ping_status":"closed","template":"","meta":{"footnotes":""},"class_list":["post-37","page","type-page","status-publish","has-post-thumbnail","hentry"],"_links":{"self":[{"href":"https:\/\/motor-ola.se\/index.php\/wp-json\/wp\/v2\/pages\/37","targetHints":{"allow":["GET"]}}],"collection":[{"href":"https:\/\/motor-ola.se\/index.php\/wp-json\/wp\/v2\/pages"}],"about":[{"href":"https:\/\/motor-ola.se\/index.php\/wp-json\/wp\/v2\/types\/page"}],"author":[{"embeddable":true,"href":"https:\/\/motor-ola.se\/index.php\/wp-json\/wp\/v2\/users\/1"}],"replies":[{"embeddable":true,"href":"https:\/\/motor-ola.se\/index.php\/wp-json\/wp\/v2\/comments?post=37"}],"version-history":[{"count":10,"href":"https:\/\/motor-ola.se\/index.php\/wp-json\/wp\/v2\/pages\/37\/revisions"}],"predecessor-version":[{"id":426,"href":"https:\/\/motor-ola.se\/index.php\/wp-json\/wp\/v2\/pages\/37\/revisions\/426"}],"up":[{"embeddable":true,"href":"https:\/\/motor-ola.se\/index.php\/wp-json\/wp\/v2\/pages\/6"}],"wp:featuredmedia":[{"embeddable":true,"href":"https:\/\/motor-ola.se\/index.php\/wp-json\/wp\/v2\/media\/44"}],"wp:attachment":[{"href":"https:\/\/motor-ola.se\/index.php\/wp-json\/wp\/v2\/media?parent=37"}],"curies":[{"name":"wp","href":"https:\/\/api.w.org\/{rel}","templated":true}]}}