{"id":33,"date":"2016-05-24T14:12:58","date_gmt":"2016-05-24T12:12:58","guid":{"rendered":"http:\/\/motor-ola.se\/wp\/?page_id=33"},"modified":"2016-06-26T13:38:24","modified_gmt":"2016-06-26T11:38:24","slug":"snorojninghalkbekampning","status":"publish","type":"page","link":"https:\/\/motor-ola.se\/index.php\/tjanster\/snorojninghalkbekampning\/","title":{"rendered":"Sn\u00f6r\u00f6jning \/ Halkbek\u00e4mpning"},"content":{"rendered":"<p><img loading=\"lazy\" decoding=\"async\" class=\"alignright size-full wp-image-114\" src=\"https:\/\/motor-ola.se\/wp-content\/uploads\/2016\/05\/snorojning.jpg\" alt=\"snorojning\" width=\"350\" height=\"520\" \/><strong>Vi har sn\u00f6r\u00f6jt i \u00f6ver 50 \u00e5r i Ludvika, vi har sn\u00f6blad och sn\u00f6skopor samt sandskopor i olika storlekar. Med hj\u00e4lp av teleskoplastare tar vi \u00e4ven ner sn\u00f6 fr\u00e5n tak. P\u00e5 vintern har vi mycket jobb med att ta ner istappar med hj\u00e4lp av v\u00e5ra personkorgar. Vi f\u00e5r en arbetsh\u00f6jd p\u00e5 26 meter.<\/strong><\/p>\n<p><strong>Vi k\u00f6r \u00e4ven undan sn\u00f6h\u00f6gar vid behov med hj\u00e4lp av v\u00e5ra lastv\u00e4xlare.<\/strong><\/p>\n","protected":false},"excerpt":{"rendered":"<p>Vi har sn\u00f6r\u00f6jt i \u00f6ver 50 \u00e5r i Ludvika, vi har sn\u00f6blad och sn\u00f6skopor samt sandskopor i olika storlekar. Med hj\u00e4lp av teleskoplastare tar vi \u00e4ven ner sn\u00f6 fr\u00e5n tak. P\u00e5 vintern har vi mycket jobb med att ta ner &hellip; <a href=\"https:\/\/motor-ola.se\/index.php\/tjanster\/snorojninghalkbekampning\/\">Forts\u00e4tt l\u00e4sa <span class=\"meta-nav\">&rarr;<\/span><\/a><\/p>\n","protected":false},"author":1,"featured_media":40,"parent":6,"menu_order":0,"comment_status":"closed","ping_status":"closed","template":"","meta":{"footnotes":""},"class_list":["post-33","page","type-page","status-publish","has-post-thumbnail","hentry"],"_links":{"self":[{"href":"https:\/\/motor-ola.se\/index.php\/wp-json\/wp\/v2\/pages\/33","targetHints":{"allow":["GET"]}}],"collection":[{"href":"https:\/\/motor-ola.se\/index.php\/wp-json\/wp\/v2\/pages"}],"about":[{"href":"https:\/\/motor-ola.se\/index.php\/wp-json\/wp\/v2\/types\/page"}],"author":[{"embeddable":true,"href":"https:\/\/motor-ola.se\/index.php\/wp-json\/wp\/v2\/users\/1"}],"replies":[{"embeddable":true,"href":"https:\/\/motor-ola.se\/index.php\/wp-json\/wp\/v2\/comments?post=33"}],"version-history":[{"count":8,"href":"https:\/\/motor-ola.se\/index.php\/wp-json\/wp\/v2\/pages\/33\/revisions"}],"predecessor-version":[{"id":227,"href":"https:\/\/motor-ola.se\/index.php\/wp-json\/wp\/v2\/pages\/33\/revisions\/227"}],"up":[{"embeddable":true,"href":"https:\/\/motor-ola.se\/index.php\/wp-json\/wp\/v2\/pages\/6"}],"wp:featuredmedia":[{"embeddable":true,"href":"https:\/\/motor-ola.se\/index.php\/wp-json\/wp\/v2\/media\/40"}],"wp:attachment":[{"href":"https:\/\/motor-ola.se\/index.php\/wp-json\/wp\/v2\/media?parent=33"}],"curies":[{"name":"wp","href":"https:\/\/api.w.org\/{rel}","templated":true}]}}