{"id":31,"date":"2016-05-24T14:12:29","date_gmt":"2016-05-24T12:12:29","guid":{"rendered":"http:\/\/motor-ola.se\/wp\/?page_id=31"},"modified":"2018-03-30T22:41:18","modified_gmt":"2018-03-30T20:41:18","slug":"transporter","status":"publish","type":"page","link":"https:\/\/motor-ola.se\/index.php\/tjanster\/transporter\/","title":{"rendered":"Transporter"},"content":{"rendered":"<p><strong><img loading=\"lazy\" decoding=\"async\" class=\"alignright wp-image-433\" src=\"https:\/\/motor-ola.se\/wp-content\/uploads\/2016\/05\/IMG_09371-300x225.jpg\" alt=\"IMG_0937(1)\" width=\"384\" height=\"288\" srcset=\"https:\/\/motor-ola.se\/wp-content\/uploads\/2016\/05\/IMG_09371-300x225.jpg 300w, https:\/\/motor-ola.se\/wp-content\/uploads\/2016\/05\/IMG_09371-768x576.jpg 768w, https:\/\/motor-ola.se\/wp-content\/uploads\/2016\/05\/IMG_09371-1024x768.jpg 1024w\" sizes=\"auto, (max-width: 384px) 100vw, 384px\" \/><img loading=\"lazy\" decoding=\"async\" class=\"alignright wp-image-431\" src=\"https:\/\/motor-ola.se\/wp-content\/uploads\/2016\/05\/IMG_2032-300x225.jpg\" alt=\"IMG_2032\" width=\"393\" height=\"294\" srcset=\"https:\/\/motor-ola.se\/wp-content\/uploads\/2016\/05\/IMG_2032-300x225.jpg 300w, https:\/\/motor-ola.se\/wp-content\/uploads\/2016\/05\/IMG_2032-768x576.jpg 768w, https:\/\/motor-ola.se\/wp-content\/uploads\/2016\/05\/IMG_2032-1024x768.jpg 1024w\" sizes=\"auto, (max-width: 393px) 100vw, 393px\" \/><img loading=\"lazy\" decoding=\"async\" class=\"alignright wp-image-429\" src=\"https:\/\/motor-ola.se\/wp-content\/uploads\/2016\/05\/IMG_1543-300x225.jpg\" alt=\"IMG_1543\" width=\"395\" height=\"296\" srcset=\"https:\/\/motor-ola.se\/wp-content\/uploads\/2016\/05\/IMG_1543-300x225.jpg 300w, https:\/\/motor-ola.se\/wp-content\/uploads\/2016\/05\/IMG_1543-768x576.jpg 768w, https:\/\/motor-ola.se\/wp-content\/uploads\/2016\/05\/IMG_1543-1024x768.jpg 1024w, https:\/\/motor-ola.se\/wp-content\/uploads\/2016\/05\/IMG_1543.jpg 2048w\" sizes=\"auto, (max-width: 395px) 100vw, 395px\" \/><img loading=\"lazy\" decoding=\"async\" class=\"alignright wp-image-427\" src=\"https:\/\/motor-ola.se\/wp-content\/uploads\/2016\/05\/IMG_0759-300x225.jpg\" alt=\"IMG_0759\" width=\"404\" height=\"303\" srcset=\"https:\/\/motor-ola.se\/wp-content\/uploads\/2016\/05\/IMG_0759-300x225.jpg 300w, https:\/\/motor-ola.se\/wp-content\/uploads\/2016\/05\/IMG_0759-768x576.jpg 768w, https:\/\/motor-ola.se\/wp-content\/uploads\/2016\/05\/IMG_0759-1024x768.jpg 1024w\" sizes=\"auto, (max-width: 404px) 100vw, 404px\" \/>F\u00f6r transporter finns det flera alternativ. Vi har lastv\u00e4xlare som kan leverera grus eller jord, vi kan \u00e4ven flytta maskiner med v\u00e4xlaren. Vi har en bod\/kranbil som lastar och lossar sig sj\u00e4lv, allt fr\u00e5n byggmaterial, manskapsbodar mm. Med kranbilen n\u00e5r vi 28 meter. En kranv\u00e4xlare finns ocks\u00e5 med den kan vi k\u00f6ra ris, grus, jord, skrot, mm. Vi har \u00e4ven sl\u00e4p till lastbilarna.<\/strong><\/p>\n<p>&nbsp;<\/p>\n<p>&nbsp;<\/p>\n<p>&nbsp;<\/p>\n<p><img loading=\"lazy\" decoding=\"async\" class=\"alignright wp-image-359\" src=\"https:\/\/motor-ola.se\/wp-content\/uploads\/2016\/05\/IMG_3425-300x225.jpg\" alt=\"IMG_3425\" width=\"356\" height=\"267\" srcset=\"https:\/\/motor-ola.se\/wp-content\/uploads\/2016\/05\/IMG_3425-300x225.jpg 300w, https:\/\/motor-ola.se\/wp-content\/uploads\/2016\/05\/IMG_3425-768x576.jpg 768w, https:\/\/motor-ola.se\/wp-content\/uploads\/2016\/05\/IMG_3425-1024x768.jpg 1024w\" sizes=\"auto, (max-width: 356px) 100vw, 356px\" \/><\/p>\n<p>&nbsp;<\/p>\n<p>&nbsp;<\/p>\n<p>&nbsp;<\/p>\n<p>&nbsp;<\/p>\n<p><img loading=\"lazy\" decoding=\"async\" class=\"alignright wp-image-412\" src=\"https:\/\/motor-ola.se\/wp-content\/uploads\/2016\/05\/IMG_4252-300x169.jpg\" alt=\"IMG_4252\" width=\"463\" height=\"261\" srcset=\"https:\/\/motor-ola.se\/wp-content\/uploads\/2016\/05\/IMG_4252-300x169.jpg 300w, https:\/\/motor-ola.se\/wp-content\/uploads\/2016\/05\/IMG_4252-768x432.jpg 768w, https:\/\/motor-ola.se\/wp-content\/uploads\/2016\/05\/IMG_4252.jpg 960w\" sizes=\"auto, (max-width: 463px) 100vw, 463px\" \/><\/p>\n<p><img loading=\"lazy\" decoding=\"async\" class=\"alignright wp-image-213\" src=\"https:\/\/motor-ola.se\/wp-content\/uploads\/2016\/05\/FullSizeRender2.jpg\" alt=\"FullSizeRender(2)\" width=\"360\" height=\"270\" \/><\/p>\n<p>&nbsp;<\/p>\n<p><img loading=\"lazy\" decoding=\"async\" class=\"alignright wp-image-413\" src=\"https:\/\/motor-ola.se\/wp-content\/uploads\/2016\/05\/IMG_3986-225x300.jpg\" alt=\"IMG_3986\" width=\"312\" height=\"416\" srcset=\"https:\/\/motor-ola.se\/wp-content\/uploads\/2016\/05\/IMG_3986-225x300.jpg 225w, https:\/\/motor-ola.se\/wp-content\/uploads\/2016\/05\/IMG_3986.jpg 720w\" sizes=\"auto, (max-width: 312px) 100vw, 312px\" \/><img loading=\"lazy\" decoding=\"async\" class=\"alignright wp-image-414\" src=\"https:\/\/motor-ola.se\/wp-content\/uploads\/2016\/05\/IMG_4139-300x225.jpg\" alt=\"IMG_4139\" width=\"373\" height=\"280\" srcset=\"https:\/\/motor-ola.se\/wp-content\/uploads\/2016\/05\/IMG_4139-300x225.jpg 300w, https:\/\/motor-ola.se\/wp-content\/uploads\/2016\/05\/IMG_4139-768x576.jpg 768w, https:\/\/motor-ola.se\/wp-content\/uploads\/2016\/05\/IMG_4139-1024x768.jpg 1024w\" sizes=\"auto, (max-width: 373px) 100vw, 373px\" \/><img loading=\"lazy\" decoding=\"async\" class=\"alignright wp-image-415\" src=\"https:\/\/motor-ola.se\/wp-content\/uploads\/2016\/05\/IMG_3944-300x225.jpg\" alt=\"IMG_3944\" width=\"372\" height=\"279\" srcset=\"https:\/\/motor-ola.se\/wp-content\/uploads\/2016\/05\/IMG_3944-300x225.jpg 300w, https:\/\/motor-ola.se\/wp-content\/uploads\/2016\/05\/IMG_3944-768x576.jpg 768w, https:\/\/motor-ola.se\/wp-content\/uploads\/2016\/05\/IMG_3944-1024x768.jpg 1024w\" sizes=\"auto, (max-width: 372px) 100vw, 372px\" \/><\/p>\n<p><img loading=\"lazy\" decoding=\"async\" class=\"alignright wp-image-178\" src=\"https:\/\/motor-ola.se\/wp-content\/uploads\/2016\/05\/IMG_0190.jpg\" alt=\"IMG_0190\" width=\"427\" height=\"320\" \/><\/p>\n","protected":false},"excerpt":{"rendered":"<p>F\u00f6r transporter finns det flera alternativ. Vi har lastv\u00e4xlare som kan leverera grus eller jord, vi kan \u00e4ven flytta maskiner med v\u00e4xlaren. Vi har en bod\/kranbil som lastar och lossar sig sj\u00e4lv, allt fr\u00e5n byggmaterial, manskapsbodar mm. Med kranbilen n\u00e5r &hellip; <a href=\"https:\/\/motor-ola.se\/index.php\/tjanster\/transporter\/\">Forts\u00e4tt l\u00e4sa <span class=\"meta-nav\">&rarr;<\/span><\/a><\/p>\n","protected":false},"author":1,"featured_media":436,"parent":6,"menu_order":0,"comment_status":"closed","ping_status":"closed","template":"","meta":{"footnotes":""},"class_list":["post-31","page","type-page","status-publish","has-post-thumbnail","hentry"],"_links":{"self":[{"href":"https:\/\/motor-ola.se\/index.php\/wp-json\/wp\/v2\/pages\/31","targetHints":{"allow":["GET"]}}],"collection":[{"href":"https:\/\/motor-ola.se\/index.php\/wp-json\/wp\/v2\/pages"}],"about":[{"href":"https:\/\/motor-ola.se\/index.php\/wp-json\/wp\/v2\/types\/page"}],"author":[{"embeddable":true,"href":"https:\/\/motor-ola.se\/index.php\/wp-json\/wp\/v2\/users\/1"}],"replies":[{"embeddable":true,"href":"https:\/\/motor-ola.se\/index.php\/wp-json\/wp\/v2\/comments?post=31"}],"version-history":[{"count":19,"href":"https:\/\/motor-ola.se\/index.php\/wp-json\/wp\/v2\/pages\/31\/revisions"}],"predecessor-version":[{"id":435,"href":"https:\/\/motor-ola.se\/index.php\/wp-json\/wp\/v2\/pages\/31\/revisions\/435"}],"up":[{"embeddable":true,"href":"https:\/\/motor-ola.se\/index.php\/wp-json\/wp\/v2\/pages\/6"}],"wp:featuredmedia":[{"embeddable":true,"href":"https:\/\/motor-ola.se\/index.php\/wp-json\/wp\/v2\/media\/436"}],"wp:attachment":[{"href":"https:\/\/motor-ola.se\/index.php\/wp-json\/wp\/v2\/media?parent=31"}],"curies":[{"name":"wp","href":"https:\/\/api.w.org\/{rel}","templated":true}]}}