{"id":29,"date":"2016-05-24T14:11:35","date_gmt":"2016-05-24T12:11:35","guid":{"rendered":"http:\/\/motor-ola.se\/wp\/?page_id=29"},"modified":"2016-07-03T17:12:31","modified_gmt":"2016-07-03T15:12:31","slug":"lastninglossning","status":"publish","type":"page","link":"https:\/\/motor-ola.se\/index.php\/tjanster\/lastninglossning\/","title":{"rendered":"Lastning\/Lossning"},"content":{"rendered":"<p><img loading=\"lazy\" decoding=\"async\" class=\"alignright size-full wp-image-118\" src=\"https:\/\/motor-ola.se\/wp-content\/uploads\/2016\/05\/lastninglossning.jpg\" alt=\"lastninglossning\" width=\"350\" height=\"520\" \/><br \/>\n<strong>Lastning, lossning och tunga lyft utf\u00f6r vi enkelt och snabbt med v\u00e5ra olika enheter som tex teleskoplastare eller lastmaskiner. Till v\u00e5ra maskiner har vi olika gafflar, upp till 4 meter l\u00e5nga och\u00a02 meter breda. <\/strong><\/p>\n<p><strong>Vi har en maskindep\u00e5 i centrala Ludvika f\u00f6r att serva v\u00e5ra kunder snabbt och smidigt. I Gon\u00e4s Hytta har vi v\u00e5r verkstad, kontor och de \u00f6vriga enheterna.<\/strong><\/p>\n","protected":false},"excerpt":{"rendered":"<p>Lastning, lossning och tunga lyft utf\u00f6r vi enkelt och snabbt med v\u00e5ra olika enheter som tex teleskoplastare eller lastmaskiner. Till v\u00e5ra maskiner har vi olika gafflar, upp till 4 meter l\u00e5nga och\u00a02 meter breda. Vi har en maskindep\u00e5 i centrala &hellip; <a href=\"https:\/\/motor-ola.se\/index.php\/tjanster\/lastninglossning\/\">Forts\u00e4tt l\u00e4sa <span class=\"meta-nav\">&rarr;<\/span><\/a><\/p>\n","protected":false},"author":1,"featured_media":46,"parent":6,"menu_order":0,"comment_status":"closed","ping_status":"closed","template":"","meta":{"footnotes":""},"class_list":["post-29","page","type-page","status-publish","has-post-thumbnail","hentry"],"_links":{"self":[{"href":"https:\/\/motor-ola.se\/index.php\/wp-json\/wp\/v2\/pages\/29","targetHints":{"allow":["GET"]}}],"collection":[{"href":"https:\/\/motor-ola.se\/index.php\/wp-json\/wp\/v2\/pages"}],"about":[{"href":"https:\/\/motor-ola.se\/index.php\/wp-json\/wp\/v2\/types\/page"}],"author":[{"embeddable":true,"href":"https:\/\/motor-ola.se\/index.php\/wp-json\/wp\/v2\/users\/1"}],"replies":[{"embeddable":true,"href":"https:\/\/motor-ola.se\/index.php\/wp-json\/wp\/v2\/comments?post=29"}],"version-history":[{"count":7,"href":"https:\/\/motor-ola.se\/index.php\/wp-json\/wp\/v2\/pages\/29\/revisions"}],"predecessor-version":[{"id":267,"href":"https:\/\/motor-ola.se\/index.php\/wp-json\/wp\/v2\/pages\/29\/revisions\/267"}],"up":[{"embeddable":true,"href":"https:\/\/motor-ola.se\/index.php\/wp-json\/wp\/v2\/pages\/6"}],"wp:featuredmedia":[{"embeddable":true,"href":"https:\/\/motor-ola.se\/index.php\/wp-json\/wp\/v2\/media\/46"}],"wp:attachment":[{"href":"https:\/\/motor-ola.se\/index.php\/wp-json\/wp\/v2\/media?parent=29"}],"curies":[{"name":"wp","href":"https:\/\/api.w.org\/{rel}","templated":true}]}}