{"id":27,"date":"2016-05-24T14:08:49","date_gmt":"2016-05-24T12:08:49","guid":{"rendered":"http:\/\/motor-ola.se\/wp\/?page_id=27"},"modified":"2018-03-30T23:02:36","modified_gmt":"2018-03-30T21:02:36","slug":"lyfthjalp","status":"publish","type":"page","link":"https:\/\/motor-ola.se\/index.php\/tjanster\/lyfthjalp\/","title":{"rendered":"Lyfthj\u00e4lp"},"content":{"rendered":"<p><img loading=\"lazy\" decoding=\"async\" class=\"alignright  wp-image-444\" src=\"https:\/\/motor-ola.se\/wp-content\/uploads\/2016\/05\/IMG_1749-1-e1522443429258-225x300.jpg\" alt=\"IMG_1749\" width=\"311\" height=\"415\" srcset=\"https:\/\/motor-ola.se\/wp-content\/uploads\/2016\/05\/IMG_1749-1-e1522443429258-225x300.jpg 225w, https:\/\/motor-ola.se\/wp-content\/uploads\/2016\/05\/IMG_1749-1-e1522443429258-768x1024.jpg 768w\" sizes=\"auto, (max-width: 311px) 100vw, 311px\" \/><img loading=\"lazy\" decoding=\"async\" class=\"alignright  wp-image-445\" src=\"https:\/\/motor-ola.se\/wp-content\/uploads\/2016\/05\/IMG_1472-225x300.jpg\" alt=\"IMG_1472\" width=\"300\" height=\"400\" srcset=\"https:\/\/motor-ola.se\/wp-content\/uploads\/2016\/05\/IMG_1472-225x300.jpg 225w, https:\/\/motor-ola.se\/wp-content\/uploads\/2016\/05\/IMG_1472-768x1024.jpg 768w, https:\/\/motor-ola.se\/wp-content\/uploads\/2016\/05\/IMG_1472.jpg 1536w\" sizes=\"auto, (max-width: 300px) 100vw, 300px\" \/><img loading=\"lazy\" decoding=\"async\" class=\"alignright wp-image-442\" src=\"https:\/\/motor-ola.se\/wp-content\/uploads\/2016\/05\/IMG_0854-300x225.jpg\" alt=\"IMG_0854\" width=\"412\" height=\"309\" srcset=\"https:\/\/motor-ola.se\/wp-content\/uploads\/2016\/05\/IMG_0854-300x225.jpg 300w, https:\/\/motor-ola.se\/wp-content\/uploads\/2016\/05\/IMG_0854-768x576.jpg 768w, https:\/\/motor-ola.se\/wp-content\/uploads\/2016\/05\/IMG_0854-1024x768.jpg 1024w\" sizes=\"auto, (max-width: 412px) 100vw, 412px\" \/><img loading=\"lazy\" decoding=\"async\" class=\"alignright wp-image-437\" src=\"https:\/\/motor-ola.se\/wp-content\/uploads\/2016\/05\/IMG_2151-300x300.jpg\" alt=\"IMG_2151\" width=\"393\" height=\"393\" srcset=\"https:\/\/motor-ola.se\/wp-content\/uploads\/2016\/05\/IMG_2151-300x300.jpg 300w, https:\/\/motor-ola.se\/wp-content\/uploads\/2016\/05\/IMG_2151-150x150.jpg 150w, https:\/\/motor-ola.se\/wp-content\/uploads\/2016\/05\/IMG_2151-768x768.jpg 768w, https:\/\/motor-ola.se\/wp-content\/uploads\/2016\/05\/IMG_2151-1024x1024.jpg 1024w\" sizes=\"auto, (max-width: 393px) 100vw, 393px\" \/><img loading=\"lazy\" decoding=\"async\" class=\" wp-image-122 alignright\" src=\"https:\/\/motor-ola.se\/wp-content\/uploads\/2016\/05\/lyfthjalp.jpg\" alt=\"lyfthjalp\" width=\"308\" height=\"458\" \/><strong>Vi erbjuder lyfthj\u00e4lp upp till 71 meter med olika redskap s\u00e5som pallgafflar, sopskopor,\u00a0personkorgar, vinschar. Med teleskoplastare blir arbetsh\u00f6jden 26 meter och bredden p\u00e5 korgen\u00a0\u00e4r 4.5meter. Vi har runtomsv\u00e4ngande teleskoplastare med vridf\u00e4ste f\u00f6r att komma \u00e5t \u00f6verallt.<\/strong><\/p>\n<p>&nbsp;<\/p>\n<p>&nbsp;<\/p>\n<p>&nbsp;<\/p>\n<p>&nbsp;<\/p>\n<p><strong>Med v\u00e5ra mobilkranar n\u00e5r vi fr\u00e5n 30 meter till 52 meter med grundbommen<\/strong><strong>.<br \/>\n<\/strong><\/p>\n<p><strong>Med v\u00e5r 35tons mobilkran n\u00e5r vi 30 meter med grundbommen, n\u00e4r vi\u00a0jibbar ut n\u00e5r vi ytterligare 15 meter till maxh\u00f6jden 45 meter!<\/strong><\/p>\n<p><strong> Med v\u00e5r 100tons mobilkran n\u00e5r vi 52 meter med grundbommen, n\u00e4r vi\u00a0jibbar ut n\u00e5r vi ytterligare 19 meter till maxh\u00f6jden 71 meter! <\/strong><\/p>\n<p><strong>Vi har personkorg, lyftgaffel, betongbasker, lyftok, sopskopor, mm.<img loading=\"lazy\" decoding=\"async\" class=\"alignright wp-image-356\" src=\"https:\/\/motor-ola.se\/wp-content\/uploads\/2016\/05\/IMG_3416-e1492536421126-225x300.jpg\" alt=\"IMG_3416\" width=\"244\" height=\"326\" srcset=\"https:\/\/motor-ola.se\/wp-content\/uploads\/2016\/05\/IMG_3416-e1492536421126-225x300.jpg 225w, https:\/\/motor-ola.se\/wp-content\/uploads\/2016\/05\/IMG_3416-e1492536421126-768x1024.jpg 768w\" sizes=\"auto, (max-width: 244px) 100vw, 244px\" \/><\/strong><\/p>\n<p>&nbsp;<\/p>\n<p>&nbsp;<\/p>\n<p>&nbsp;<\/p>\n<p>&nbsp;<\/p>\n<p>&nbsp;<\/p>\n<p>&nbsp;<\/p>\n<p>&nbsp;<\/p>\n<p>&nbsp;<\/p>\n<p><strong>Vi tankar HVO 100 n\u00e4r vi ska vara inne p\u00e5 en verkstad, s\u00e5 att v\u00e5r personal samt de andra som jobbar d\u00e4r har en bra arbetsmilj\u00f6!<\/strong><\/p>\n<p><strong>En teleskoplastare med korg och den andra\u00a0lyfter upp\u00a0betongv\u00e4ggblock!<\/strong><\/p>\n<p>&nbsp;<\/p>\n<p><img loading=\"lazy\" decoding=\"async\" class=\"alignright wp-image-171 \" src=\"https:\/\/motor-ola.se\/wp-content\/uploads\/2016\/05\/IMAG0104.jpg\" width=\"329\" height=\"550\" \/><\/p>\n<p>&nbsp;<\/p>\n<p>&nbsp;<\/p>\n<p>&nbsp;<\/p>\n<p>&nbsp;<\/p>\n<p>&nbsp;<\/p>\n<p>&nbsp;<\/p>\n<p>&nbsp;<\/p>\n<p>&nbsp;<\/p>\n<p>&nbsp;<\/p>\n<p>&nbsp;<\/p>\n<p>&nbsp;<\/p>\n<p>&nbsp;<\/p>\n<p><strong>Vi har radiostyrning till samtliga teleskoplastare.<\/strong><\/p>\n<p>&nbsp;<\/p>\n<p><img loading=\"lazy\" decoding=\"async\" class=\"alignright wp-image-215\" src=\"https:\/\/motor-ola.se\/wp-content\/uploads\/2016\/05\/IMAG0156.jpg\" alt=\"IMAG0156\" width=\"317\" height=\"530\" \/><\/p>\n","protected":false},"excerpt":{"rendered":"<p>Vi erbjuder lyfthj\u00e4lp upp till 71 meter med olika redskap s\u00e5som pallgafflar, sopskopor,\u00a0personkorgar, vinschar. Med teleskoplastare blir arbetsh\u00f6jden 26 meter och bredden p\u00e5 korgen\u00a0\u00e4r 4.5meter. Vi har runtomsv\u00e4ngande teleskoplastare med vridf\u00e4ste f\u00f6r att komma \u00e5t \u00f6verallt. &nbsp; &nbsp; &nbsp; &nbsp; &hellip; <a href=\"https:\/\/motor-ola.se\/index.php\/tjanster\/lyfthjalp\/\">Forts\u00e4tt l\u00e4sa <span class=\"meta-nav\">&rarr;<\/span><\/a><\/p>\n","protected":false},"author":1,"featured_media":45,"parent":6,"menu_order":0,"comment_status":"closed","ping_status":"closed","template":"","meta":{"footnotes":""},"class_list":["post-27","page","type-page","status-publish","has-post-thumbnail","hentry"],"_links":{"self":[{"href":"https:\/\/motor-ola.se\/index.php\/wp-json\/wp\/v2\/pages\/27","targetHints":{"allow":["GET"]}}],"collection":[{"href":"https:\/\/motor-ola.se\/index.php\/wp-json\/wp\/v2\/pages"}],"about":[{"href":"https:\/\/motor-ola.se\/index.php\/wp-json\/wp\/v2\/types\/page"}],"author":[{"embeddable":true,"href":"https:\/\/motor-ola.se\/index.php\/wp-json\/wp\/v2\/users\/1"}],"replies":[{"embeddable":true,"href":"https:\/\/motor-ola.se\/index.php\/wp-json\/wp\/v2\/comments?post=27"}],"version-history":[{"count":47,"href":"https:\/\/motor-ola.se\/index.php\/wp-json\/wp\/v2\/pages\/27\/revisions"}],"predecessor-version":[{"id":186,"href":"https:\/\/motor-ola.se\/index.php\/wp-json\/wp\/v2\/pages\/27\/revisions\/186"}],"up":[{"embeddable":true,"href":"https:\/\/motor-ola.se\/index.php\/wp-json\/wp\/v2\/pages\/6"}],"wp:featuredmedia":[{"embeddable":true,"href":"https:\/\/motor-ola.se\/index.php\/wp-json\/wp\/v2\/media\/45"}],"wp:attachment":[{"href":"https:\/\/motor-ola.se\/index.php\/wp-json\/wp\/v2\/media?parent=27"}],"curies":[{"name":"wp","href":"https:\/\/api.w.org\/{rel}","templated":true}]}}